{"id":2045,"date":"2024-06-05T09:50:46","date_gmt":"2024-06-05T13:50:46","guid":{"rendered":"https:\/\/labortho.mlbwdev.com\/accueil\/"},"modified":"2026-01-05T13:36:26","modified_gmt":"2026-01-05T18:36:26","slug":"home","status":"publish","type":"page","link":"https:\/\/labortho.ca\/en\/","title":{"rendered":"Home"},"content":{"rendered":"","protected":false},"excerpt":{"rendered":"","protected":false},"author":1,"featured_media":0,"parent":0,"menu_order":0,"comment_status":"closed","ping_status":"closed","template":"page.php","meta":{"_acf_changed":false,"footnotes":""},"class_list":["post-2045","page","type-page","status-publish","hentry"],"acf":[],"yoast_head":"<!-- This site is optimized with the Yoast SEO plugin v26.9 - https:\/\/yoast.com\/product\/yoast-seo-wordpress\/ -->\n<title>Our Orthopedic Laboratory in St-J\u00e9r\u00f4me | Orthopedic solutions<\/title>\n<meta name=\"description\" content=\"Laboratoire Orthop\u00e9dique J\u00e9r\u00f4me Marier is a manufacturer of custom-made orthotics. Our expertise as orthotists allows us to offer a personalized service.\" \/>\n<meta name=\"robots\" content=\"index, follow, max-snippet:-1, max-image-preview:large, max-video-preview:-1\" \/>\n<link rel=\"canonical\" href=\"https:\/\/labortho.ca\/en\/\" \/>\n<meta property=\"og:locale\" content=\"en_US\" \/>\n<meta property=\"og:type\" content=\"article\" \/>\n<meta property=\"og:title\" content=\"Our Orthopedic Laboratory in St-J\u00e9r\u00f4me | Orthopedic solutions\" \/>\n<meta property=\"og:description\" content=\"Laboratoire Orthop\u00e9dique J\u00e9r\u00f4me Marier is a manufacturer of custom-made orthotics. Our expertise as orthotists allows us to offer a personalized service.\" \/>\n<meta property=\"og:url\" content=\"https:\/\/labortho.ca\/en\/\" \/>\n<meta property=\"og:site_name\" content=\"Laboratoire Orthop\u00e9dique\" \/>\n<meta property=\"article:modified_time\" content=\"2026-01-05T18:36:26+00:00\" \/>\n<meta name=\"twitter:card\" content=\"summary_large_image\" \/>\n<script type=\"application\/ld+json\" class=\"yoast-schema-graph\">{\"@context\":\"https:\/\/schema.org\",\"@graph\":[{\"@type\":\"WebPage\",\"@id\":\"https:\/\/labortho.ca\/en\/\",\"url\":\"https:\/\/labortho.ca\/en\/\",\"name\":\"Our Orthopedic Laboratory in St-J\u00e9r\u00f4me | Orthopedic solutions\",\"isPartOf\":{\"@id\":\"https:\/\/labortho.ca\/#website\"},\"datePublished\":\"2024-06-05T13:50:46+00:00\",\"dateModified\":\"2026-01-05T18:36:26+00:00\",\"description\":\"Laboratoire Orthop\u00e9dique J\u00e9r\u00f4me Marier is a manufacturer of custom-made orthotics. Our expertise as orthotists allows us to offer a personalized service.\",\"breadcrumb\":{\"@id\":\"https:\/\/labortho.ca\/en\/#breadcrumb\"},\"inLanguage\":\"en-CA\",\"potentialAction\":[{\"@type\":\"ReadAction\",\"target\":[\"https:\/\/labortho.ca\/en\/\"]}]},{\"@type\":\"BreadcrumbList\",\"@id\":\"https:\/\/labortho.ca\/en\/#breadcrumb\",\"itemListElement\":[{\"@type\":\"ListItem\",\"position\":1,\"name\":\"Accueil\",\"item\":\"https:\/\/labortho.ca\/en\/\"},{\"@type\":\"ListItem\",\"position\":2,\"name\":\"Home\"}]},{\"@type\":\"WebSite\",\"@id\":\"https:\/\/labortho.ca\/#website\",\"url\":\"https:\/\/labortho.ca\/\",\"name\":\"Laboratoire Orthop\u00e9dique\",\"description\":\"\",\"publisher\":{\"@id\":\"https:\/\/labortho.ca\/#organization\"},\"potentialAction\":[{\"@type\":\"SearchAction\",\"target\":{\"@type\":\"EntryPoint\",\"urlTemplate\":\"https:\/\/labortho.ca\/?s={search_term_string}\"},\"query-input\":{\"@type\":\"PropertyValueSpecification\",\"valueRequired\":true,\"valueName\":\"search_term_string\"}}],\"inLanguage\":\"en-CA\"},{\"@type\":\"Organization\",\"@id\":\"https:\/\/labortho.ca\/#organization\",\"name\":\"Laboratoire Orthop\u00e9dique\",\"url\":\"https:\/\/labortho.ca\/\",\"logo\":{\"@type\":\"ImageObject\",\"inLanguage\":\"en-CA\",\"@id\":\"https:\/\/labortho.ca\/#\/schema\/logo\/image\/\",\"url\":\"https:\/\/labortho.ca\/wp-content\/uploads\/2024\/07\/logo_final_jm_highres.png\",\"contentUrl\":\"https:\/\/labortho.ca\/wp-content\/uploads\/2024\/07\/logo_final_jm_highres.png\",\"width\":500,\"height\":153,\"caption\":\"Laboratoire Orthop\u00e9dique\"},\"image\":{\"@id\":\"https:\/\/labortho.ca\/#\/schema\/logo\/image\/\"}}]}<\/script>\n<!-- \/ Yoast SEO plugin. -->","yoast_head_json":{"title":"Our Orthopedic Laboratory in St-J\u00e9r\u00f4me | Orthopedic solutions","description":"Laboratoire Orthop\u00e9dique J\u00e9r\u00f4me Marier is a manufacturer of custom-made orthotics. Our expertise as orthotists allows us to offer a personalized service.","robots":{"index":"index","follow":"follow","max-snippet":"max-snippet:-1","max-image-preview":"max-image-preview:large","max-video-preview":"max-video-preview:-1"},"canonical":"https:\/\/labortho.ca\/en\/","og_locale":"en_US","og_type":"article","og_title":"Our Orthopedic Laboratory in St-J\u00e9r\u00f4me | Orthopedic solutions","og_description":"Laboratoire Orthop\u00e9dique J\u00e9r\u00f4me Marier is a manufacturer of custom-made orthotics. Our expertise as orthotists allows us to offer a personalized service.","og_url":"https:\/\/labortho.ca\/en\/","og_site_name":"Laboratoire Orthop\u00e9dique","article_modified_time":"2026-01-05T18:36:26+00:00","twitter_card":"summary_large_image","schema":{"@context":"https:\/\/schema.org","@graph":[{"@type":"WebPage","@id":"https:\/\/labortho.ca\/en\/","url":"https:\/\/labortho.ca\/en\/","name":"Our Orthopedic Laboratory in St-J\u00e9r\u00f4me | Orthopedic solutions","isPartOf":{"@id":"https:\/\/labortho.ca\/#website"},"datePublished":"2024-06-05T13:50:46+00:00","dateModified":"2026-01-05T18:36:26+00:00","description":"Laboratoire Orthop\u00e9dique J\u00e9r\u00f4me Marier is a manufacturer of custom-made orthotics. Our expertise as orthotists allows us to offer a personalized service.","breadcrumb":{"@id":"https:\/\/labortho.ca\/en\/#breadcrumb"},"inLanguage":"en-CA","potentialAction":[{"@type":"ReadAction","target":["https:\/\/labortho.ca\/en\/"]}]},{"@type":"BreadcrumbList","@id":"https:\/\/labortho.ca\/en\/#breadcrumb","itemListElement":[{"@type":"ListItem","position":1,"name":"Accueil","item":"https:\/\/labortho.ca\/en\/"},{"@type":"ListItem","position":2,"name":"Home"}]},{"@type":"WebSite","@id":"https:\/\/labortho.ca\/#website","url":"https:\/\/labortho.ca\/","name":"Laboratoire Orthop\u00e9dique","description":"","publisher":{"@id":"https:\/\/labortho.ca\/#organization"},"potentialAction":[{"@type":"SearchAction","target":{"@type":"EntryPoint","urlTemplate":"https:\/\/labortho.ca\/?s={search_term_string}"},"query-input":{"@type":"PropertyValueSpecification","valueRequired":true,"valueName":"search_term_string"}}],"inLanguage":"en-CA"},{"@type":"Organization","@id":"https:\/\/labortho.ca\/#organization","name":"Laboratoire Orthop\u00e9dique","url":"https:\/\/labortho.ca\/","logo":{"@type":"ImageObject","inLanguage":"en-CA","@id":"https:\/\/labortho.ca\/#\/schema\/logo\/image\/","url":"https:\/\/labortho.ca\/wp-content\/uploads\/2024\/07\/logo_final_jm_highres.png","contentUrl":"https:\/\/labortho.ca\/wp-content\/uploads\/2024\/07\/logo_final_jm_highres.png","width":500,"height":153,"caption":"Laboratoire Orthop\u00e9dique"},"image":{"@id":"https:\/\/labortho.ca\/#\/schema\/logo\/image\/"}}]}},"_links":{"self":[{"href":"https:\/\/labortho.ca\/en\/wp-json\/wp\/v2\/pages\/2045","targetHints":{"allow":["GET"]}}],"collection":[{"href":"https:\/\/labortho.ca\/en\/wp-json\/wp\/v2\/pages"}],"about":[{"href":"https:\/\/labortho.ca\/en\/wp-json\/wp\/v2\/types\/page"}],"author":[{"embeddable":true,"href":"https:\/\/labortho.ca\/en\/wp-json\/wp\/v2\/users\/1"}],"replies":[{"embeddable":true,"href":"https:\/\/labortho.ca\/en\/wp-json\/wp\/v2\/comments?post=2045"}],"version-history":[{"count":19,"href":"https:\/\/labortho.ca\/en\/wp-json\/wp\/v2\/pages\/2045\/revisions"}],"predecessor-version":[{"id":3026,"href":"https:\/\/labortho.ca\/en\/wp-json\/wp\/v2\/pages\/2045\/revisions\/3026"}],"wp:attachment":[{"href":"https:\/\/labortho.ca\/en\/wp-json\/wp\/v2\/media?parent=2045"}],"curies":[{"name":"wp","href":"https:\/\/api.w.org\/{rel}","templated":true}]}}